{"id":317,"date":"2024-02-14T10:07:42","date_gmt":"2024-02-14T10:07:42","guid":{"rendered":"https:\/\/hoefsmederijbartbuurkes.nl\/?page_id=317"},"modified":"2024-02-16T14:20:32","modified_gmt":"2024-02-16T14:20:32","slug":"hoefziekten","status":"publish","type":"page","link":"https:\/\/hoefsmederijbartbuurkes.nl\/?page_id=317","title":{"rendered":"Hoefziekten"},"content":{"rendered":"\t\t<div data-elementor-type=\"wp-page\" data-elementor-id=\"317\" class=\"elementor elementor-317\">\n\t\t\t\t<div class=\"elementor-element elementor-element-3f6d39e7 e-flex e-con-boxed e-con e-parent\" data-id=\"3f6d39e7\" data-element_type=\"container\">\n\t\t\t\t\t<div class=\"e-con-inner\">\n\t\t\t\t<div class=\"elementor-element elementor-element-4be1d601 elementor-invisible elementor-widget elementor-widget-heading\" data-id=\"4be1d601\" data-element_type=\"widget\" data-settings=\"{&quot;_animation&quot;:&quot;fadeInLeft&quot;}\" data-widget_type=\"heading.default\">\n\t\t\t\t<div class=\"elementor-widget-container\">\n\t\t\t\t\t<h2 class=\"elementor-heading-title elementor-size-default\">HOEFZIEKTEN<\/h2>\t\t\t\t<\/div>\n\t\t\t\t<\/div>\n\t\t\t\t\t<\/div>\n\t\t\t\t<\/div>\n\t\t<div class=\"elementor-element elementor-element-8af24d7 e-flex e-con-boxed e-con e-parent\" data-id=\"8af24d7\" data-element_type=\"container\">\n\t\t\t\t\t<div class=\"e-con-inner\">\n\t\t<div class=\"elementor-element elementor-element-c1fde27 e-con-full e-flex e-con e-child\" data-id=\"c1fde27\" data-element_type=\"container\">\n\t\t\t\t<div class=\"elementor-element elementor-element-764698f elementor-invisible elementor-widget elementor-widget-text-editor\" data-id=\"764698f\" data-element_type=\"widget\" data-settings=\"{&quot;_animation&quot;:&quot;fadeInLeft&quot;}\" data-widget_type=\"text-editor.default\">\n\t\t\t\t<div class=\"elementor-widget-container\">\n\t\t\t\t\t\t\t\t\t<p style=\"font-weight: 400;\"><strong>Wat kan je doen om de hoef gezond te houden?\u00a0<\/strong><br \/>Een goede stalhygi\u00ebne is zeer belangrijk. Aandoeningen als rotstraal en White Line Disease zijn door goede stalhygi\u00ebne, regelmatige beweging van het paard en voldoende weidegang te voorkomen. Vooral een droge schone stal is voor de hoeven van groot belang. Het ammoniakzuur dat ontstaat uit mest en urine tast de hoeven aan, waardoor de hoeven verzwakken en de bacteri\u00ebn en schimmels kunnen groeien.\u00a0<br \/><br \/>Ook is het belangrijk de hoeven regelmatig uit te krabben. Als de hoeven niet regelmatig worden uitgekrabd, kunnen bacteri\u00ebn in de vuile hoef ongehinderd groeien. Een hoef die erg stinkt is aangetast door deze bacteri\u00ebn en moet zo snel mogelijk behandeld worden. Wanneer er tijdig actie wordt ondernomen, is de kans groot dat de bacteri\u00ebn verdwijnen. De aangetaste delen van een hoef worden door de hoefsmid zoveel mogelijk verwijderd. Daarna wordt de hoef behandeld.\u00a0<br \/><br \/><strong>Veel voorkomende ziekten<\/strong><br \/>De twee veel voorkomende ziekten zijn rotstraal en White Line Disease. Bij rotstraal tast de bacterie de middelste straalgroeve, de straalgroeven aan de zijkant en vaak later ook de hoeflederhuid aan. De hoef wordt als het ware van binnenuit weg gevreten.\u00a0<br \/><br \/>Bij de White Line Disease (of Witte Lijn Ziekte) is er een schimmel (Geotrichum) samen met bacteri\u00ebn actief. Door bijvoorbeeld een scheur in de hoef of een andere beschadiging dringen de bacteri\u00ebn binnen in de witte lijn. Vervolgens ontstaat er een netwerk van schimmeldraden en bacteri\u00ebn die ervoor zorgen dat de witte lijn geheel oplost\/verdwijnt, wat leidt tot een losse hoefwand.<\/p>\t\t\t\t\t\t\t\t<\/div>\n\t\t\t\t<\/div>\n\t\t\t\t<\/div>\n\t\t<div class=\"elementor-element elementor-element-f136d35 e-con-full e-flex elementor-invisible e-con e-child\" data-id=\"f136d35\" data-element_type=\"container\" data-settings=\"{&quot;animation&quot;:&quot;fadeInRight&quot;}\">\n\t\t\t\t<div class=\"elementor-element elementor-element-5a6c77b elementor-invisible elementor-widget elementor-widget-image\" data-id=\"5a6c77b\" data-element_type=\"widget\" data-settings=\"{&quot;_animation&quot;:&quot;fadeInRight&quot;}\" data-widget_type=\"image.default\">\n\t\t\t\t<div class=\"elementor-widget-container\">\n\t\t\t\t\t\t\t\t\t\t\t\t\t\t\t<img fetchpriority=\"high\" decoding=\"async\" width=\"683\" height=\"1024\" src=\"https:\/\/hoefsmederijbartbuurkes.nl\/wp-content\/uploads\/2024\/01\/uitkrabben-hoef-683x1024.jpg\" class=\"attachment-large size-large wp-image-144\" alt=\"\" srcset=\"https:\/\/hoefsmederijbartbuurkes.nl\/wp-content\/uploads\/2024\/01\/uitkrabben-hoef-683x1024.jpg 683w, https:\/\/hoefsmederijbartbuurkes.nl\/wp-content\/uploads\/2024\/01\/uitkrabben-hoef-200x300.jpg 200w, https:\/\/hoefsmederijbartbuurkes.nl\/wp-content\/uploads\/2024\/01\/uitkrabben-hoef-768x1152.jpg 768w, https:\/\/hoefsmederijbartbuurkes.nl\/wp-content\/uploads\/2024\/01\/uitkrabben-hoef-1024x1536.jpg 1024w, https:\/\/hoefsmederijbartbuurkes.nl\/wp-content\/uploads\/2024\/01\/uitkrabben-hoef-1365x2048.jpg 1365w, https:\/\/hoefsmederijbartbuurkes.nl\/wp-content\/uploads\/2024\/01\/uitkrabben-hoef-scaled.jpg 1706w\" sizes=\"(max-width: 683px) 100vw, 683px\" \/>\t\t\t\t\t\t\t\t\t\t\t\t\t\t\t<\/div>\n\t\t\t\t<\/div>\n\t\t\t\t<\/div>\n\t\t\t\t\t<\/div>\n\t\t\t\t<\/div>\n\t\t<div class=\"elementor-element elementor-element-93831d1 e-flex e-con-boxed e-con e-parent\" data-id=\"93831d1\" data-element_type=\"container\">\n\t\t\t\t\t<div class=\"e-con-inner\">\n\t\t<div class=\"elementor-element elementor-element-d85e8fa e-con-full e-flex e-con e-child\" data-id=\"d85e8fa\" data-element_type=\"container\">\n\t\t\t\t<div class=\"elementor-element elementor-element-e01fcec elementor-invisible elementor-widget elementor-widget-image\" data-id=\"e01fcec\" data-element_type=\"widget\" data-settings=\"{&quot;_animation&quot;:&quot;fadeInLeft&quot;}\" data-widget_type=\"image.default\">\n\t\t\t\t<div class=\"elementor-widget-container\">\n\t\t\t\t\t\t\t\t\t\t\t\t\t\t\t<img decoding=\"async\" width=\"1024\" height=\"683\" src=\"https:\/\/hoefsmederijbartbuurkes.nl\/wp-content\/uploads\/2024\/01\/knippen-hoef-1024x683.jpg\" class=\"attachment-large size-large wp-image-143\" alt=\"\" srcset=\"https:\/\/hoefsmederijbartbuurkes.nl\/wp-content\/uploads\/2024\/01\/knippen-hoef-1024x683.jpg 1024w, https:\/\/hoefsmederijbartbuurkes.nl\/wp-content\/uploads\/2024\/01\/knippen-hoef-300x200.jpg 300w, https:\/\/hoefsmederijbartbuurkes.nl\/wp-content\/uploads\/2024\/01\/knippen-hoef-768x512.jpg 768w, https:\/\/hoefsmederijbartbuurkes.nl\/wp-content\/uploads\/2024\/01\/knippen-hoef-1536x1024.jpg 1536w, https:\/\/hoefsmederijbartbuurkes.nl\/wp-content\/uploads\/2024\/01\/knippen-hoef-2048x1365.jpg 2048w\" sizes=\"(max-width: 1024px) 100vw, 1024px\" \/>\t\t\t\t\t\t\t\t\t\t\t\t\t\t\t<\/div>\n\t\t\t\t<\/div>\n\t\t\t\t<\/div>\n\t\t<div class=\"elementor-element elementor-element-d3db130 e-con-full e-flex e-con e-child\" data-id=\"d3db130\" data-element_type=\"container\">\n\t\t\t\t<div class=\"elementor-element elementor-element-29cd716 elementor-invisible elementor-widget elementor-widget-text-editor\" data-id=\"29cd716\" data-element_type=\"widget\" data-settings=\"{&quot;_animation&quot;:&quot;fadeInRight&quot;}\" data-widget_type=\"text-editor.default\">\n\t\t\t\t<div class=\"elementor-widget-container\">\n\t\t\t\t\t\t\t\t\t<p style=\"font-weight: 400;\"><strong>Hoefbevangenheid<\/strong><br \/>Pas op in het voorjaar en wanneer de temperatuur heel hoog (&gt; 25 \u00b0C) of heel laag (&lt; 5 \u00b0C) is. Er zit dan, met name in het onderste gedeelde van de stengel, veel fructose (vruchten suiker) in het gras. Dit kan hoefbevangenheid veroorzaken.<\/p><p>Ook te veel krachtvoer of kuilvoer kan hoefbevangenheid veroorzaken. Sommige rassen zijn gevoeliger voor hoefbevangenheid, bijvoorbeeld shetlanders, fjorden, haflingers en ook zelfs. De eerste symptomen van hoefbevangenheid zijn; warme hoeven, stijver en gevoelig lopen, in rust zijn de voorbenen naar voren geplaatst en de achterbenen verder onder het lichaam. De hoeven vergroeien door hoefbevangenheid, dit is onder andere te zien aan de bredere witte lijn in de hoef en extreme hoorngroei.<\/p>\t\t\t\t\t\t\t\t<\/div>\n\t\t\t\t<\/div>\n\t\t\t\t<\/div>\n\t\t\t\t\t<\/div>\n\t\t\t\t<\/div>\n\t\t<div class=\"elementor-element elementor-element-b78db56 e-flex e-con-boxed e-con e-parent\" data-id=\"b78db56\" data-element_type=\"container\">\n\t\t\t\t\t<div class=\"e-con-inner\">\n\t\t\t\t<div class=\"elementor-element elementor-element-3c8c1ca elementor-invisible elementor-widget elementor-widget-text-editor\" data-id=\"3c8c1ca\" data-element_type=\"widget\" data-settings=\"{&quot;_animation&quot;:&quot;fadeInLeft&quot;}\" data-widget_type=\"text-editor.default\">\n\t\t\t\t<div class=\"elementor-widget-container\">\n\t\t\t\t\t\t\t\t\t<p><strong>Voeding<\/strong><span style=\"font-weight: 400;\"><br \/><\/span><span style=\"font-weight: 400;\">De voeding van een paard moet voldoende vitamines en mineralen bevatten. In de zomermaanden krijgen de paarden bij weidegang voldoende vitamines en mineralen binnen. In de winter kan het verstandig zijn om mineralen bij te voeren.<\/span><\/p>\t\t\t\t\t\t\t\t<\/div>\n\t\t\t\t<\/div>\n\t\t\t\t\t<\/div>\n\t\t\t\t<\/div>\n\t\t<div class=\"elementor-element elementor-element-43edd3ac e-flex e-con-boxed e-con e-parent\" data-id=\"43edd3ac\" data-element_type=\"container\">\n\t\t\t\t\t<div class=\"e-con-inner\">\n\t\t\t\t\t<\/div>\n\t\t\t\t<\/div>\n\t\t\t\t<\/div>\n\t\t","protected":false},"excerpt":{"rendered":"<p>HOEFZIEKTEN Wat kan je doen om de hoef gezond te houden?\u00a0Een goede stalhygi\u00ebne is zeer belangrijk. Aandoeningen als rotstraal en White Line Disease zijn door goede stalhygi\u00ebne, regelmatige beweging van het paard en voldoende weidegang te voorkomen. Vooral een droge schone stal is voor de hoeven van groot belang. Het ammoniakzuur dat ontstaat uit mest [&hellip;]<\/p>\n","protected":false},"author":1,"featured_media":0,"parent":0,"menu_order":0,"comment_status":"closed","ping_status":"closed","template":"elementor_header_footer","meta":{"footnotes":""},"class_list":["post-317","page","type-page","status-publish","hentry"],"blocksy_meta":[],"_links":{"self":[{"href":"https:\/\/hoefsmederijbartbuurkes.nl\/index.php?rest_route=\/wp\/v2\/pages\/317","targetHints":{"allow":["GET"]}}],"collection":[{"href":"https:\/\/hoefsmederijbartbuurkes.nl\/index.php?rest_route=\/wp\/v2\/pages"}],"about":[{"href":"https:\/\/hoefsmederijbartbuurkes.nl\/index.php?rest_route=\/wp\/v2\/types\/page"}],"author":[{"embeddable":true,"href":"https:\/\/hoefsmederijbartbuurkes.nl\/index.php?rest_route=\/wp\/v2\/users\/1"}],"replies":[{"embeddable":true,"href":"https:\/\/hoefsmederijbartbuurkes.nl\/index.php?rest_route=%2Fwp%2Fv2%2Fcomments&post=317"}],"version-history":[{"count":31,"href":"https:\/\/hoefsmederijbartbuurkes.nl\/index.php?rest_route=\/wp\/v2\/pages\/317\/revisions"}],"predecessor-version":[{"id":1022,"href":"https:\/\/hoefsmederijbartbuurkes.nl\/index.php?rest_route=\/wp\/v2\/pages\/317\/revisions\/1022"}],"wp:attachment":[{"href":"https:\/\/hoefsmederijbartbuurkes.nl\/index.php?rest_route=%2Fwp%2Fv2%2Fmedia&parent=317"}],"curies":[{"name":"wp","href":"https:\/\/api.w.org\/{rel}","templated":true}]}}